{"id":11,"date":"2024-04-18T14:55:58","date_gmt":"2024-04-18T14:55:58","guid":{"rendered":"https:\/\/monblard.com\/Studio\/?page_id=11"},"modified":"2025-02-18T18:29:14","modified_gmt":"2025-02-18T18:29:14","slug":"o-nas","status":"publish","type":"page","link":"https:\/\/monblard.com\/studio\/o-nas\/","title":{"rendered":"O n\u00e1s"},"content":{"rendered":"\n<h2 class=\"wp-block-heading o-typing-fast o-typing-delay-200ms\"><o-anim-typing>17 rokov v marketingu a dizajne<\/o-anim-typing><\/h2>\n\n\n\n<p class=\"o-typing-delay-1s\">Monblard Studios je full-service marketingov\u00e1 agent\u00fara a&nbsp;foto\/video \u0161t\u00fadio v&nbsp;Pie\u0161\u0165anoch. Grafick\u00e9mu dizajnu sa venujeme viac ako 20 rokov, v&nbsp;oblasti marketingu p\u00f4sob\u00edme viac ako 17 rokov. Rozumieme sa nielen reklame, ale aj podnikaniu a&nbsp;budovaniu zna\u010diek: vlastn\u00edme viacero firiem\/projektov \u00faspe\u0161n\u00fdch aj v&nbsp;zahrani\u010d\u00ed s&nbsp;tis\u00edckami spokojn\u00fdch z\u00e1kazn\u00edkov od USA po Japonsko, Nemecko, Franc\u00fazko alebo \u0160vaj\u010diarsko.<\/p>\n\n\n\n<p class=\"o-typing-delay-1s\"><br><\/p>\n\n\n\n<h3 class=\"wp-block-heading o-typing-fast\"><o-anim-typing>Hovor\u00ed sa, \u017ee g\u00e9ny a&nbsp;remeslo sa dedia. <\/o-anim-typing><\/h3>\n\n\n\n<figure class=\"wp-block-image size-large\"><img loading=\"lazy\" decoding=\"async\" width=\"1024\" height=\"452\" src=\"https:\/\/monblard.com\/studio\/wp-content\/uploads\/2024\/10\/Historia-monblard-studio-reklamna-agentura-Piestany-1989-1024x452.jpg\" alt=\"\" class=\"wp-image-875\" srcset=\"https:\/\/monblard.com\/studio\/wp-content\/uploads\/2024\/10\/Historia-monblard-studio-reklamna-agentura-Piestany-1989-1024x452.jpg 1024w, https:\/\/monblard.com\/studio\/wp-content\/uploads\/2024\/10\/Historia-monblard-studio-reklamna-agentura-Piestany-1989-300x133.jpg 300w, https:\/\/monblard.com\/studio\/wp-content\/uploads\/2024\/10\/Historia-monblard-studio-reklamna-agentura-Piestany-1989-768x339.jpg 768w, https:\/\/monblard.com\/studio\/wp-content\/uploads\/2024\/10\/Historia-monblard-studio-reklamna-agentura-Piestany-1989.jpg 1195w\" sizes=\"auto, (max-width: 1024px) 100vw, 1024px\" \/><\/figure>\n\n\n\n<p>Otec zakladate\u013ea Monblard studios, bol riadite\u013e propaga\u010dn\u00e9ho oddelenia  z\u00e1vodu na v\u00fdrobu elektroniky Tesla a&nbsp;jeden z&nbsp;prv\u00fdch fotografov a&nbsp;kameramanov na z\u00e1padnom Slovensku. Marketingu sa venoval teda sk\u00f4r ako bol tento pojem zn\u00e1my slovenskej verejnosti. Zakladate\u013e Monblard Studios Mari\u00e1n B. i\u0161iel v&nbsp;jeho \u0161lapaj\u00e1ch. Za\u010d\u00ednal s&nbsp;grafick\u00fdm dizajnov v&nbsp;obdob\u00ed pr\u00edchodu prv\u00fdch po\u010d\u00edta\u010dov na trh (grafick\u00fd softv\u00e9r be\u017eal v&nbsp;tej dobe iba na MS-DOS, Windows nebol e\u0161te k&nbsp;dispoz\u00edci\u00ed a&nbsp;monitory mali \u010dasto iba 16 farieb). Mari\u00e1n p\u00f4sobil aj ako marketing mana\u017e\u00e9r v&nbsp;spolo\u010dnosti Chirana (nesk\u00f4r Diplomat-Dental, s.r.o.), pracoval pre viacer\u00e9 v\u00fdznamn\u00e9 zna\u010dky ako Aupark, Fona by Sirona USA,&nbsp;spoluorganizoval a&nbsp;marketingoval eventy s&nbsp;n\u00e1v\u0161tevnos\u0165ou 15&nbsp;000+ n\u00e1v\u0161tevn\u00edkov a&nbsp;zalo\u017eil viacero technologick\u00fdch firiem.<\/p>\n\n\n\n<p><br><\/p>\n\n\n\n<h2 class=\"wp-block-heading o-typing-delay-200ms o-typing-fast\"><o-anim-typing>Nie sme len market\u00e9ri. Sami podnik\u00e1me v medzin\u00e1rodnom biznise.<\/o-anim-typing><\/h2>\n\n\n\n<p><\/p>\n\n\n\n<figure class=\"wp-block-pullquote has-text-align-left\"><blockquote><p>&#8220;Mnoho market\u00e9rov a agent\u00far nikdy nepodnikali. Nech\u00e1pu v\u0161etky re\u00e1lne probl\u00e9my podnikate\u013eov a potreby z\u00e1kazn\u00edkov. Tiger vychovan\u00fd v zoo pravdepodobne v divokej pr\u00edrode nepre\u017eije. Viac ako dek\u00e1du podnik\u00e1me v r\u00f4znych medzin\u00e1rodn\u00fdch a on-line biznisoch.&#8221;<\/p><\/blockquote><\/figure>\n\n\n\n<p><br>Radi pom\u00e1hame budova\u0165 \u00faspe\u0161n\u00e9 zna\u010dky a&nbsp;radi V\u00e1m pom\u00f4\u017eeme vytvori\u0165 imid\u017e, ktor\u00fd V\u00e1s odl\u00ed\u0161i od konkurencie \/ u&nbsp;z\u00e1kazn\u00edkov vytvor\u00ed profesion\u00e1lny dojem na \u00farovni zahrani\u010dnej top konkurencie. Okrem grafick\u00fdch, video \/ fotografick\u00fdch slu\u017eieb V\u00e1m radi vypracujeme aj obchodne orientovan\u00fa marketingov\u00fa strat\u00e9giu a&nbsp;rie\u0161enia, ktor\u00e9 prines\u00fa nov\u00fdch z\u00e1kazn\u00edkov a&nbsp;obchodn\u00fdch partnerov. Dlhodobo sa akt\u00edvne venujeme medzin\u00e1rodn\u00e9mu on-line marketingu a&nbsp;PR vo vlastn\u00fdch e-shopoch a&nbsp;technologick\u00fdch firm\u00e1ch, tak\u017ee vieme \u010do naozaj funguje a&nbsp;prin\u00e1\u0161a z\u00e1kazky. Samozrejmos\u0165ou je zabezpe\u010denie kompletnej realiz\u00e1cie \u010di u\u017e sa jedn\u00e1 o&nbsp;tla\u010d katal\u00f3gov, let\u00e1kov, vizitiek, roll-up bannerov, reklamn\u00fdch predmetov alebo ve\u013ekoform\u00e1tovej potla\u010de za \u010do najlep\u0161\u00ed pomer cena\/kvalita. Klienti a&nbsp;zna\u010dky s&nbsp;ktor\u00fdmi sme spolupracovali (pr\u00edpadne s&nbsp;ktor\u00fdmi spolupracovali spolumajitelia n\u00e1\u0161ho \u0161t\u00fadia) :<\/p>\n\n\n\n<p><\/p>\n\n\n\n<h2 class=\"wp-block-heading o-typing-delay-200ms\"><o-anim-typing>Na\u0161i klienti a priatelia:<\/o-anim-typing><\/h2>\n\n\n\n<p>Aupark, Diplomat Dental, Domoss, Medexim, Magna, Fona by Sirona, Chiradent, Beach Bar Zelen\u00e1 Voda, Viano\u010dn\u00e9 Trhy Pie\u0161\u0165any, Eplex7 DSP, G-Sonique, Ampethron, Ramex trade, Eden, Cityfest, Maxxo, Sweeteria, 84.5mm camera filters, WoodLuck Germany a&nbsp;\u010fal\u0161\u00ed.<br><\/p>\n\n\n\n<p><\/p>\n","protected":false},"excerpt":{"rendered":"<p>17 rokov v marketingu a dizajne Monblard Studios je full-service marketingov\u00e1 agent\u00fara a&nbsp;foto\/video \u0161t\u00fadio v&nbsp;Pie\u0161\u0165anoch. Grafick\u00e9mu dizajnu sa venujeme viac ako 20 rokov, v&nbsp;oblasti marketingu p\u00f4sob\u00edme viac ako 17 rokov. Rozumieme sa nielen reklame, ale aj podnikaniu a&nbsp;budovaniu zna\u010diek: vlastn\u00edme viacero firiem\/projektov \u00faspe\u0161n\u00fdch aj v&nbsp;zahrani\u010d\u00ed s&nbsp;tis\u00edckami spokojn\u00fdch z\u00e1kazn\u00edkov od USA po Japonsko, Nemecko, Franc\u00fazko alebo [&hellip;]<\/p>\n","protected":false},"author":1,"featured_media":0,"parent":0,"menu_order":0,"comment_status":"closed","ping_status":"closed","template":"","meta":{"_themeisle_gutenberg_block_has_review":false,"footnotes":""},"class_list":["post-11","page","type-page","status-publish","hentry"],"yoast_head":"<!-- This site is optimized with the Yoast SEO plugin v23.8 - https:\/\/yoast.com\/wordpress\/plugins\/seo\/ -->\n<title>O n\u00e1s *<\/title>\n<meta name=\"robots\" content=\"index, follow, max-snippet:-1, max-image-preview:large, max-video-preview:-1\" \/>\n<link rel=\"canonical\" href=\"https:\/\/monblard.com\/studio\/o-nas\/\" \/>\n<meta property=\"og:locale\" content=\"en_US\" \/>\n<meta property=\"og:type\" content=\"article\" \/>\n<meta property=\"og:title\" content=\"O n\u00e1s *\" \/>\n<meta property=\"og:description\" content=\"17 rokov v marketingu a dizajne Monblard Studios je full-service marketingov\u00e1 agent\u00fara a&nbsp;foto\/video \u0161t\u00fadio v&nbsp;Pie\u0161\u0165anoch. Grafick\u00e9mu dizajnu sa venujeme viac ako 20 rokov, v&nbsp;oblasti marketingu p\u00f4sob\u00edme viac ako 17 rokov. Rozumieme sa nielen reklame, ale aj podnikaniu a&nbsp;budovaniu zna\u010diek: vlastn\u00edme viacero firiem\/projektov \u00faspe\u0161n\u00fdch aj v&nbsp;zahrani\u010d\u00ed s&nbsp;tis\u00edckami spokojn\u00fdch z\u00e1kazn\u00edkov od USA po Japonsko, Nemecko, Franc\u00fazko alebo [&hellip;]\" \/>\n<meta property=\"og:url\" content=\"https:\/\/monblard.com\/studio\/o-nas\/\" \/>\n<meta property=\"article:publisher\" content=\"https:\/\/www.facebook.com\/Monblard\" \/>\n<meta property=\"article:modified_time\" content=\"2025-02-18T18:29:14+00:00\" \/>\n<meta property=\"og:image\" content=\"https:\/\/monblard.com\/studio\/wp-content\/uploads\/2024\/10\/Historia-monblard-studio-reklamna-agentura-Piestany-1989-1024x452.jpg\" \/>\n<meta name=\"twitter:card\" content=\"summary_large_image\" \/>\n<meta name=\"twitter:label1\" content=\"Est. reading time\" \/>\n\t<meta name=\"twitter:data1\" content=\"3 minutes\" \/>\n<script type=\"application\/ld+json\" class=\"yoast-schema-graph\">{\"@context\":\"https:\/\/schema.org\",\"@graph\":[{\"@type\":\"WebPage\",\"@id\":\"https:\/\/monblard.com\/studio\/o-nas\/\",\"url\":\"https:\/\/monblard.com\/studio\/o-nas\/\",\"name\":\"O n\u00e1s *\",\"isPartOf\":{\"@id\":\"https:\/\/monblard.com\/studio\/#website\"},\"primaryImageOfPage\":{\"@id\":\"https:\/\/monblard.com\/studio\/o-nas\/#primaryimage\"},\"image\":{\"@id\":\"https:\/\/monblard.com\/studio\/o-nas\/#primaryimage\"},\"thumbnailUrl\":\"https:\/\/monblard.com\/studio\/wp-content\/uploads\/2024\/10\/Historia-monblard-studio-reklamna-agentura-Piestany-1989-1024x452.jpg\",\"datePublished\":\"2024-04-18T14:55:58+00:00\",\"dateModified\":\"2025-02-18T18:29:14+00:00\",\"breadcrumb\":{\"@id\":\"https:\/\/monblard.com\/studio\/o-nas\/#breadcrumb\"},\"inLanguage\":\"en-US\",\"potentialAction\":[{\"@type\":\"ReadAction\",\"target\":[\"https:\/\/monblard.com\/studio\/o-nas\/\"]}]},{\"@type\":\"ImageObject\",\"inLanguage\":\"en-US\",\"@id\":\"https:\/\/monblard.com\/studio\/o-nas\/#primaryimage\",\"url\":\"https:\/\/monblard.com\/studio\/wp-content\/uploads\/2024\/10\/Historia-monblard-studio-reklamna-agentura-Piestany-1989.jpg\",\"contentUrl\":\"https:\/\/monblard.com\/studio\/wp-content\/uploads\/2024\/10\/Historia-monblard-studio-reklamna-agentura-Piestany-1989.jpg\",\"width\":1195,\"height\":528},{\"@type\":\"BreadcrumbList\",\"@id\":\"https:\/\/monblard.com\/studio\/o-nas\/#breadcrumb\",\"itemListElement\":[{\"@type\":\"ListItem\",\"position\":1,\"name\":\"Home\",\"item\":\"https:\/\/monblard.com\/studio\/\"},{\"@type\":\"ListItem\",\"position\":2,\"name\":\"O n\u00e1s\"}]},{\"@type\":\"WebSite\",\"@id\":\"https:\/\/monblard.com\/studio\/#website\",\"url\":\"https:\/\/monblard.com\/studio\/\",\"name\":\"Monblard Studio - Reklamn\u00e1 agent\u00fara Pie\u0161\u0165any \/ Trnava, Foto\u0161t\u00fadio, Produktov\u00e1 fotografia, on-line mastering, Grafika\",\"description\":\"\",\"publisher\":{\"@id\":\"https:\/\/monblard.com\/studio\/#organization\"},\"alternateName\":\"Monblard Studio - Reklamn\u00e1 agent\u00fara Pie\u0161\u0165any \/ Trnava, Foto\u0161t\u00fadio, Produktov\u00e1 fotografia, on-line mastering, Grafika\",\"potentialAction\":[{\"@type\":\"SearchAction\",\"target\":{\"@type\":\"EntryPoint\",\"urlTemplate\":\"https:\/\/monblard.com\/studio\/?s={search_term_string}\"},\"query-input\":{\"@type\":\"PropertyValueSpecification\",\"valueRequired\":true,\"valueName\":\"search_term_string\"}}],\"inLanguage\":\"en-US\"},{\"@type\":\"Organization\",\"@id\":\"https:\/\/monblard.com\/studio\/#organization\",\"name\":\"Monblard Studio\",\"url\":\"https:\/\/monblard.com\/studio\/\",\"logo\":{\"@type\":\"ImageObject\",\"inLanguage\":\"en-US\",\"@id\":\"https:\/\/monblard.com\/studio\/#\/schema\/logo\/image\/\",\"url\":\"https:\/\/monblard.com\/studio\/wp-content\/uploads\/2024\/10\/Monblard-Studio-logo-Reklamna-agentura-Piestany-graficke-studio.png\",\"contentUrl\":\"https:\/\/monblard.com\/studio\/wp-content\/uploads\/2024\/10\/Monblard-Studio-logo-Reklamna-agentura-Piestany-graficke-studio.png\",\"width\":252,\"height\":176,\"caption\":\"Monblard Studio\"},\"image\":{\"@id\":\"https:\/\/monblard.com\/studio\/#\/schema\/logo\/image\/\"},\"sameAs\":[\"https:\/\/www.facebook.com\/Monblard\",\"https:\/\/www.instagram.com\/monblard\/\"]}]}<\/script>\n<!-- \/ Yoast SEO plugin. -->","yoast_head_json":{"title":"O n\u00e1s *","robots":{"index":"index","follow":"follow","max-snippet":"max-snippet:-1","max-image-preview":"max-image-preview:large","max-video-preview":"max-video-preview:-1"},"canonical":"https:\/\/monblard.com\/studio\/o-nas\/","og_locale":"en_US","og_type":"article","og_title":"O n\u00e1s *","og_description":"17 rokov v marketingu a dizajne Monblard Studios je full-service marketingov\u00e1 agent\u00fara a&nbsp;foto\/video \u0161t\u00fadio v&nbsp;Pie\u0161\u0165anoch. Grafick\u00e9mu dizajnu sa venujeme viac ako 20 rokov, v&nbsp;oblasti marketingu p\u00f4sob\u00edme viac ako 17 rokov. Rozumieme sa nielen reklame, ale aj podnikaniu a&nbsp;budovaniu zna\u010diek: vlastn\u00edme viacero firiem\/projektov \u00faspe\u0161n\u00fdch aj v&nbsp;zahrani\u010d\u00ed s&nbsp;tis\u00edckami spokojn\u00fdch z\u00e1kazn\u00edkov od USA po Japonsko, Nemecko, Franc\u00fazko alebo [&hellip;]","og_url":"https:\/\/monblard.com\/studio\/o-nas\/","article_publisher":"https:\/\/www.facebook.com\/Monblard","article_modified_time":"2025-02-18T18:29:14+00:00","og_image":[{"url":"https:\/\/monblard.com\/studio\/wp-content\/uploads\/2024\/10\/Historia-monblard-studio-reklamna-agentura-Piestany-1989-1024x452.jpg"}],"twitter_card":"summary_large_image","twitter_misc":{"Est. reading time":"3 minutes"},"schema":{"@context":"https:\/\/schema.org","@graph":[{"@type":"WebPage","@id":"https:\/\/monblard.com\/studio\/o-nas\/","url":"https:\/\/monblard.com\/studio\/o-nas\/","name":"O n\u00e1s *","isPartOf":{"@id":"https:\/\/monblard.com\/studio\/#website"},"primaryImageOfPage":{"@id":"https:\/\/monblard.com\/studio\/o-nas\/#primaryimage"},"image":{"@id":"https:\/\/monblard.com\/studio\/o-nas\/#primaryimage"},"thumbnailUrl":"https:\/\/monblard.com\/studio\/wp-content\/uploads\/2024\/10\/Historia-monblard-studio-reklamna-agentura-Piestany-1989-1024x452.jpg","datePublished":"2024-04-18T14:55:58+00:00","dateModified":"2025-02-18T18:29:14+00:00","breadcrumb":{"@id":"https:\/\/monblard.com\/studio\/o-nas\/#breadcrumb"},"inLanguage":"en-US","potentialAction":[{"@type":"ReadAction","target":["https:\/\/monblard.com\/studio\/o-nas\/"]}]},{"@type":"ImageObject","inLanguage":"en-US","@id":"https:\/\/monblard.com\/studio\/o-nas\/#primaryimage","url":"https:\/\/monblard.com\/studio\/wp-content\/uploads\/2024\/10\/Historia-monblard-studio-reklamna-agentura-Piestany-1989.jpg","contentUrl":"https:\/\/monblard.com\/studio\/wp-content\/uploads\/2024\/10\/Historia-monblard-studio-reklamna-agentura-Piestany-1989.jpg","width":1195,"height":528},{"@type":"BreadcrumbList","@id":"https:\/\/monblard.com\/studio\/o-nas\/#breadcrumb","itemListElement":[{"@type":"ListItem","position":1,"name":"Home","item":"https:\/\/monblard.com\/studio\/"},{"@type":"ListItem","position":2,"name":"O n\u00e1s"}]},{"@type":"WebSite","@id":"https:\/\/monblard.com\/studio\/#website","url":"https:\/\/monblard.com\/studio\/","name":"Monblard Studio - Reklamn\u00e1 agent\u00fara Pie\u0161\u0165any \/ Trnava, Foto\u0161t\u00fadio, Produktov\u00e1 fotografia, on-line mastering, Grafika","description":"","publisher":{"@id":"https:\/\/monblard.com\/studio\/#organization"},"alternateName":"Monblard Studio - Reklamn\u00e1 agent\u00fara Pie\u0161\u0165any \/ Trnava, Foto\u0161t\u00fadio, Produktov\u00e1 fotografia, on-line mastering, Grafika","potentialAction":[{"@type":"SearchAction","target":{"@type":"EntryPoint","urlTemplate":"https:\/\/monblard.com\/studio\/?s={search_term_string}"},"query-input":{"@type":"PropertyValueSpecification","valueRequired":true,"valueName":"search_term_string"}}],"inLanguage":"en-US"},{"@type":"Organization","@id":"https:\/\/monblard.com\/studio\/#organization","name":"Monblard Studio","url":"https:\/\/monblard.com\/studio\/","logo":{"@type":"ImageObject","inLanguage":"en-US","@id":"https:\/\/monblard.com\/studio\/#\/schema\/logo\/image\/","url":"https:\/\/monblard.com\/studio\/wp-content\/uploads\/2024\/10\/Monblard-Studio-logo-Reklamna-agentura-Piestany-graficke-studio.png","contentUrl":"https:\/\/monblard.com\/studio\/wp-content\/uploads\/2024\/10\/Monblard-Studio-logo-Reklamna-agentura-Piestany-graficke-studio.png","width":252,"height":176,"caption":"Monblard Studio"},"image":{"@id":"https:\/\/monblard.com\/studio\/#\/schema\/logo\/image\/"},"sameAs":["https:\/\/www.facebook.com\/Monblard","https:\/\/www.instagram.com\/monblard\/"]}]}},"_links":{"self":[{"href":"https:\/\/monblard.com\/studio\/wp-json\/wp\/v2\/pages\/11","targetHints":{"allow":["GET"]}}],"collection":[{"href":"https:\/\/monblard.com\/studio\/wp-json\/wp\/v2\/pages"}],"about":[{"href":"https:\/\/monblard.com\/studio\/wp-json\/wp\/v2\/types\/page"}],"author":[{"embeddable":true,"href":"https:\/\/monblard.com\/studio\/wp-json\/wp\/v2\/users\/1"}],"replies":[{"embeddable":true,"href":"https:\/\/monblard.com\/studio\/wp-json\/wp\/v2\/comments?post=11"}],"version-history":[{"count":24,"href":"https:\/\/monblard.com\/studio\/wp-json\/wp\/v2\/pages\/11\/revisions"}],"predecessor-version":[{"id":885,"href":"https:\/\/monblard.com\/studio\/wp-json\/wp\/v2\/pages\/11\/revisions\/885"}],"wp:attachment":[{"href":"https:\/\/monblard.com\/studio\/wp-json\/wp\/v2\/media?parent=11"}],"curies":[{"name":"wp","href":"https:\/\/api.w.org\/{rel}","templated":true}]}}