{"id":65,"date":"2024-04-18T15:55:20","date_gmt":"2024-04-18T15:55:20","guid":{"rendered":"https:\/\/monblard.com\/Studio\/?page_id=65"},"modified":"2024-10-03T17:10:21","modified_gmt":"2024-10-03T17:10:21","slug":"kontakt","status":"publish","type":"page","link":"https:\/\/monblard.com\/studio\/kontakt\/","title":{"rendered":"Kontakt"},"content":{"rendered":"\n<div id=\"wp-block-themeisle-blocks-advanced-columns-e397da41\" class=\"wp-block-themeisle-blocks-advanced-columns has-1-columns has-desktop-equal-layout has-tablet-equal-layout has-mobile-equal-layout has-vertical-unset\"><div class=\"wp-block-themeisle-blocks-advanced-columns-overlay\"><\/div><div class=\"innerblocks-wrap\">\n<div id=\"wp-block-themeisle-blocks-advanced-column-025acae8\" class=\"wp-block-themeisle-blocks-advanced-column\">\n<h3 id=\"wp-block-themeisle-blocks-advanced-heading-324711e2\" class=\"wp-block-themeisle-blocks-advanced-heading wp-block-themeisle-blocks-advanced-heading-324711e2 o-typing-fast\"><o-anim-typing>Ak m\u00e1te fajn produkt, slu\u017eby alebo n\u00e1pad po\u010fme ich predstavi\u0165 svetu v \u010do najlep\u0161om svetle.<\/o-anim-typing><\/h3>\n\n\n\n<p><\/p>\n<\/div>\n<\/div><\/div>\n\n\n\n<div class=\"wp-block-columns is-layout-flex wp-container-core-columns-is-layout-28f84493 wp-block-columns-is-layout-flex\">\n<div class=\"wp-block-column is-layout-flow wp-block-column-is-layout-flow\">\n<h4 class=\"wp-block-heading\"><a href=\"mailto:studio@monblard.com\">studio@monblard.com<\/a> <\/h4>\n<\/div>\n\n\n\n<div class=\"wp-block-column is-layout-flow wp-block-column-is-layout-flow\">\n<h4 class=\"wp-block-heading\">tel: 0944 524 094<\/h4>\n<\/div>\n<\/div>\n\n\n\n<p><\/p>\n\n\n\n<p><\/p>\n\n\n\n<p><br>PS: Ihne\u010f ako n\u00e1m nap\u00ed\u0161ete e-mail V\u00e1m pr\u00edde potvrdenie o prijat\u00ed a odpovieme do 24\/48 hod\u00edn. Ak by V\u00e1m toto potvrdenie nepri\u0161lo niekde sa stala chyba &#8211; v tom pr\u00edpade n\u00e1m pros\u00edm zatelefonujte. \u010eakujeme a te\u0161\u00edme sa na spolupr\u00e1cu.<\/p>\n","protected":false},"excerpt":{"rendered":"<p>studio@monblard.com tel: 0944 524 094 PS: Ihne\u010f ako n\u00e1m nap\u00ed\u0161ete e-mail V\u00e1m pr\u00edde potvrdenie o prijat\u00ed a odpovieme do 24\/48 hod\u00edn. Ak by V\u00e1m toto potvrdenie nepri\u0161lo niekde sa stala chyba &#8211; v tom pr\u00edpade n\u00e1m pros\u00edm zatelefonujte. \u010eakujeme a te\u0161\u00edme sa na spolupr\u00e1cu.<\/p>\n","protected":false},"author":1,"featured_media":0,"parent":0,"menu_order":0,"comment_status":"closed","ping_status":"closed","template":"","meta":{"_themeisle_gutenberg_block_has_review":false,"footnotes":""},"class_list":["post-65","page","type-page","status-publish","hentry"],"yoast_head":"<!-- This site is optimized with the Yoast SEO plugin v23.8 - https:\/\/yoast.com\/wordpress\/plugins\/seo\/ -->\n<title>Kontakt *<\/title>\n<meta name=\"robots\" content=\"index, follow, max-snippet:-1, max-image-preview:large, max-video-preview:-1\" \/>\n<link rel=\"canonical\" href=\"https:\/\/monblard.com\/studio\/kontakt\/\" \/>\n<meta property=\"og:locale\" content=\"en_US\" \/>\n<meta property=\"og:type\" content=\"article\" \/>\n<meta property=\"og:title\" content=\"Kontakt *\" \/>\n<meta property=\"og:description\" content=\"studio@monblard.com tel: 0944 524 094 PS: Ihne\u010f ako n\u00e1m nap\u00ed\u0161ete e-mail V\u00e1m pr\u00edde potvrdenie o prijat\u00ed a odpovieme do 24\/48 hod\u00edn. Ak by V\u00e1m toto potvrdenie nepri\u0161lo niekde sa stala chyba &#8211; v tom pr\u00edpade n\u00e1m pros\u00edm zatelefonujte. \u010eakujeme a te\u0161\u00edme sa na spolupr\u00e1cu.\" \/>\n<meta property=\"og:url\" content=\"https:\/\/monblard.com\/studio\/kontakt\/\" \/>\n<meta property=\"article:publisher\" content=\"https:\/\/www.facebook.com\/Monblard\" \/>\n<meta property=\"article:modified_time\" content=\"2024-10-03T17:10:21+00:00\" \/>\n<meta property=\"og:image\" content=\"https:\/\/monblard.com\/studio\/wp-content\/uploads\/2024\/06\/Monblard-New-logo-2019-1.jpg\" \/>\n\t<meta property=\"og:image:width\" content=\"707\" \/>\n\t<meta property=\"og:image:height\" content=\"566\" \/>\n\t<meta property=\"og:image:type\" content=\"image\/jpeg\" \/>\n<meta name=\"twitter:card\" content=\"summary_large_image\" \/>\n<script type=\"application\/ld+json\" class=\"yoast-schema-graph\">{\"@context\":\"https:\/\/schema.org\",\"@graph\":[{\"@type\":\"WebPage\",\"@id\":\"https:\/\/monblard.com\/studio\/kontakt\/\",\"url\":\"https:\/\/monblard.com\/studio\/kontakt\/\",\"name\":\"Kontakt *\",\"isPartOf\":{\"@id\":\"https:\/\/monblard.com\/studio\/#website\"},\"datePublished\":\"2024-04-18T15:55:20+00:00\",\"dateModified\":\"2024-10-03T17:10:21+00:00\",\"breadcrumb\":{\"@id\":\"https:\/\/monblard.com\/studio\/kontakt\/#breadcrumb\"},\"inLanguage\":\"en-US\",\"potentialAction\":[{\"@type\":\"ReadAction\",\"target\":[\"https:\/\/monblard.com\/studio\/kontakt\/\"]}]},{\"@type\":\"BreadcrumbList\",\"@id\":\"https:\/\/monblard.com\/studio\/kontakt\/#breadcrumb\",\"itemListElement\":[{\"@type\":\"ListItem\",\"position\":1,\"name\":\"Home\",\"item\":\"https:\/\/monblard.com\/studio\/\"},{\"@type\":\"ListItem\",\"position\":2,\"name\":\"Kontakt\"}]},{\"@type\":\"WebSite\",\"@id\":\"https:\/\/monblard.com\/studio\/#website\",\"url\":\"https:\/\/monblard.com\/studio\/\",\"name\":\"Monblard Studio - Reklamn\u00e1 agent\u00fara Pie\u0161\u0165any \/ Trnava, Foto\u0161t\u00fadio, Produktov\u00e1 fotografia, on-line mastering, Grafika\",\"description\":\"\",\"publisher\":{\"@id\":\"https:\/\/monblard.com\/studio\/#organization\"},\"alternateName\":\"Monblard Studio - Reklamn\u00e1 agent\u00fara Pie\u0161\u0165any \/ Trnava, Foto\u0161t\u00fadio, Produktov\u00e1 fotografia, on-line mastering, Grafika\",\"potentialAction\":[{\"@type\":\"SearchAction\",\"target\":{\"@type\":\"EntryPoint\",\"urlTemplate\":\"https:\/\/monblard.com\/studio\/?s={search_term_string}\"},\"query-input\":{\"@type\":\"PropertyValueSpecification\",\"valueRequired\":true,\"valueName\":\"search_term_string\"}}],\"inLanguage\":\"en-US\"},{\"@type\":\"Organization\",\"@id\":\"https:\/\/monblard.com\/studio\/#organization\",\"name\":\"Monblard Studio\",\"url\":\"https:\/\/monblard.com\/studio\/\",\"logo\":{\"@type\":\"ImageObject\",\"inLanguage\":\"en-US\",\"@id\":\"https:\/\/monblard.com\/studio\/#\/schema\/logo\/image\/\",\"url\":\"https:\/\/monblard.com\/studio\/wp-content\/uploads\/2024\/10\/Monblard-Studio-logo-Reklamna-agentura-Piestany-graficke-studio.png\",\"contentUrl\":\"https:\/\/monblard.com\/studio\/wp-content\/uploads\/2024\/10\/Monblard-Studio-logo-Reklamna-agentura-Piestany-graficke-studio.png\",\"width\":252,\"height\":176,\"caption\":\"Monblard Studio\"},\"image\":{\"@id\":\"https:\/\/monblard.com\/studio\/#\/schema\/logo\/image\/\"},\"sameAs\":[\"https:\/\/www.facebook.com\/Monblard\",\"https:\/\/www.instagram.com\/monblard\/\"]}]}<\/script>\n<!-- \/ Yoast SEO plugin. -->","yoast_head_json":{"title":"Kontakt *","robots":{"index":"index","follow":"follow","max-snippet":"max-snippet:-1","max-image-preview":"max-image-preview:large","max-video-preview":"max-video-preview:-1"},"canonical":"https:\/\/monblard.com\/studio\/kontakt\/","og_locale":"en_US","og_type":"article","og_title":"Kontakt *","og_description":"studio@monblard.com tel: 0944 524 094 PS: Ihne\u010f ako n\u00e1m nap\u00ed\u0161ete e-mail V\u00e1m pr\u00edde potvrdenie o prijat\u00ed a odpovieme do 24\/48 hod\u00edn. Ak by V\u00e1m toto potvrdenie nepri\u0161lo niekde sa stala chyba &#8211; v tom pr\u00edpade n\u00e1m pros\u00edm zatelefonujte. \u010eakujeme a te\u0161\u00edme sa na spolupr\u00e1cu.","og_url":"https:\/\/monblard.com\/studio\/kontakt\/","article_publisher":"https:\/\/www.facebook.com\/Monblard","article_modified_time":"2024-10-03T17:10:21+00:00","og_image":[{"width":707,"height":566,"url":"https:\/\/monblard.com\/studio\/wp-content\/uploads\/2024\/06\/Monblard-New-logo-2019-1.jpg","type":"image\/jpeg"}],"twitter_card":"summary_large_image","schema":{"@context":"https:\/\/schema.org","@graph":[{"@type":"WebPage","@id":"https:\/\/monblard.com\/studio\/kontakt\/","url":"https:\/\/monblard.com\/studio\/kontakt\/","name":"Kontakt *","isPartOf":{"@id":"https:\/\/monblard.com\/studio\/#website"},"datePublished":"2024-04-18T15:55:20+00:00","dateModified":"2024-10-03T17:10:21+00:00","breadcrumb":{"@id":"https:\/\/monblard.com\/studio\/kontakt\/#breadcrumb"},"inLanguage":"en-US","potentialAction":[{"@type":"ReadAction","target":["https:\/\/monblard.com\/studio\/kontakt\/"]}]},{"@type":"BreadcrumbList","@id":"https:\/\/monblard.com\/studio\/kontakt\/#breadcrumb","itemListElement":[{"@type":"ListItem","position":1,"name":"Home","item":"https:\/\/monblard.com\/studio\/"},{"@type":"ListItem","position":2,"name":"Kontakt"}]},{"@type":"WebSite","@id":"https:\/\/monblard.com\/studio\/#website","url":"https:\/\/monblard.com\/studio\/","name":"Monblard Studio - Reklamn\u00e1 agent\u00fara Pie\u0161\u0165any \/ Trnava, Foto\u0161t\u00fadio, Produktov\u00e1 fotografia, on-line mastering, Grafika","description":"","publisher":{"@id":"https:\/\/monblard.com\/studio\/#organization"},"alternateName":"Monblard Studio - Reklamn\u00e1 agent\u00fara Pie\u0161\u0165any \/ Trnava, Foto\u0161t\u00fadio, Produktov\u00e1 fotografia, on-line mastering, Grafika","potentialAction":[{"@type":"SearchAction","target":{"@type":"EntryPoint","urlTemplate":"https:\/\/monblard.com\/studio\/?s={search_term_string}"},"query-input":{"@type":"PropertyValueSpecification","valueRequired":true,"valueName":"search_term_string"}}],"inLanguage":"en-US"},{"@type":"Organization","@id":"https:\/\/monblard.com\/studio\/#organization","name":"Monblard Studio","url":"https:\/\/monblard.com\/studio\/","logo":{"@type":"ImageObject","inLanguage":"en-US","@id":"https:\/\/monblard.com\/studio\/#\/schema\/logo\/image\/","url":"https:\/\/monblard.com\/studio\/wp-content\/uploads\/2024\/10\/Monblard-Studio-logo-Reklamna-agentura-Piestany-graficke-studio.png","contentUrl":"https:\/\/monblard.com\/studio\/wp-content\/uploads\/2024\/10\/Monblard-Studio-logo-Reklamna-agentura-Piestany-graficke-studio.png","width":252,"height":176,"caption":"Monblard Studio"},"image":{"@id":"https:\/\/monblard.com\/studio\/#\/schema\/logo\/image\/"},"sameAs":["https:\/\/www.facebook.com\/Monblard","https:\/\/www.instagram.com\/monblard\/"]}]}},"_links":{"self":[{"href":"https:\/\/monblard.com\/studio\/wp-json\/wp\/v2\/pages\/65","targetHints":{"allow":["GET"]}}],"collection":[{"href":"https:\/\/monblard.com\/studio\/wp-json\/wp\/v2\/pages"}],"about":[{"href":"https:\/\/monblard.com\/studio\/wp-json\/wp\/v2\/types\/page"}],"author":[{"embeddable":true,"href":"https:\/\/monblard.com\/studio\/wp-json\/wp\/v2\/users\/1"}],"replies":[{"embeddable":true,"href":"https:\/\/monblard.com\/studio\/wp-json\/wp\/v2\/comments?post=65"}],"version-history":[{"count":19,"href":"https:\/\/monblard.com\/studio\/wp-json\/wp\/v2\/pages\/65\/revisions"}],"predecessor-version":[{"id":789,"href":"https:\/\/monblard.com\/studio\/wp-json\/wp\/v2\/pages\/65\/revisions\/789"}],"wp:attachment":[{"href":"https:\/\/monblard.com\/studio\/wp-json\/wp\/v2\/media?parent=65"}],"curies":[{"name":"wp","href":"https:\/\/api.w.org\/{rel}","templated":true}]}}