{"id":67,"date":"2024-04-18T15:56:06","date_gmt":"2024-04-18T15:56:06","guid":{"rendered":"https:\/\/monblard.com\/Studio\/?page_id=67"},"modified":"2025-03-05T19:10:33","modified_gmt":"2025-03-05T19:10:33","slug":"cennik","status":"publish","type":"page","link":"https:\/\/monblard.com\/studio\/cennik\/","title":{"rendered":"Cenn\u00edk"},"content":{"rendered":"\n<h3 class=\"wp-block-heading o-typing-delay-100ms\"><o-anim-typing>Biznis funguje vtedy ak s\u00fa spokojn\u00e9 obe strany.<\/o-anim-typing><\/h3>\n\n\n\n<p>Preto sa sna\u017e\u00edme v\u017edy o f\u00e9rov\u00fd pr\u00edstup a obojstrann\u00fa spokojnos\u0165. Na\u0161im heslom je hodnota za peniaze. Ceny sa sna\u017e\u00edme nastavi\u0165 tak, aby sme mohli doda\u0165 top kvalitu a nemuseli robi\u0165 kompromisy, ktor\u00e9 s\u00fa nakoniec klienta v\u00fdjdu drah\u0161ie, preto\u017ee nekvalitn\u00e1 prezent\u00e1cia z\u00e1kazn\u00edkov sk\u00f4r odrad\u00ed. Z\u00e1rove\u0148 je pre n\u00e1s d\u00f4le\u017eit\u00e9, aby bol klient dlhodobo profitabiln\u00fd a r\u00e1d sa k n\u00e1m vracal.<\/p>\n\n\n\n<p>&#8211; Logo (3x n\u00e1vrh + finaliz\u00e1cia) od 290\u20ac<br>&#8211; Dizajn manu\u00e1l a corporate identity od 350\u20ac<br>&#8211; Vizitky od 70\u20ac<br>&#8211; Katal\u00f3g: individu\u00e1lne po konzult\u00e1ci\u00ed<br>&#8211; Roll-up banner od 160\u20ac<br>&#8211; Produktov\u00e1 fotografia a retu\u0161 od 50\u20ac<br>&#8211; Firemn\u00e9 video a strih od 300\u20ac<br>&#8211; Banner pre digital media od 50\u20ac<br>&#8211; Let\u00e1k, plag\u00e1t, Inzercia od 90\u20ac<br><br>&#8211; Spr\u00e1va soci\u00e1lnych siet\u00ed od 160\u20ac\/mesiac<br>&#8211; Pr\u00edprava marketingovej strat\u00e9gie, s.w.o.t. anal\u00fdza, 4P mix<br>individu\u00e1lne po konzult\u00e1ci\u00ed<br>&#8211; PPC Reklama (google, youtube, fb at\u010f.) cena na mieru<br>kontaktujte n\u00e1s pre bezplatn\u00fa konzult\u00e1ciu<br>&#8211; Newsletter kampane, PR kampane od 150\u20ac<br><br>Toto je len mal\u00e1 uk\u00e1\u017eka zo \u0161irokej \u0161k\u00e1ly slu\u017eieb, ktor\u00e9 pon\u00fakame.<br><\/p>\n\n\n\n<p><strong>Radi V\u00e1m vypracujeme cenov\u00fa ponuku na mieru. Nie sme platcom DPH.<\/strong><br>V cene ja zahrnut\u00fd grafick\u00fd n\u00e1vrh + spracovanie<\/p>\n","protected":false},"excerpt":{"rendered":"<p>Biznis funguje vtedy ak s\u00fa spokojn\u00e9 obe strany. Preto sa sna\u017e\u00edme v\u017edy o f\u00e9rov\u00fd pr\u00edstup a obojstrann\u00fa spokojnos\u0165. Na\u0161im heslom je hodnota za peniaze. Ceny sa sna\u017e\u00edme nastavi\u0165 tak, aby sme mohli doda\u0165 top kvalitu a nemuseli robi\u0165 kompromisy, ktor\u00e9 s\u00fa nakoniec klienta v\u00fdjdu drah\u0161ie, preto\u017ee nekvalitn\u00e1 prezent\u00e1cia z\u00e1kazn\u00edkov sk\u00f4r odrad\u00ed. Z\u00e1rove\u0148 je pre n\u00e1s [&hellip;]<\/p>\n","protected":false},"author":1,"featured_media":0,"parent":0,"menu_order":0,"comment_status":"closed","ping_status":"closed","template":"","meta":{"_themeisle_gutenberg_block_has_review":false,"footnotes":""},"class_list":["post-67","page","type-page","status-publish","hentry"],"yoast_head":"<!-- This site is optimized with the Yoast SEO plugin v23.8 - https:\/\/yoast.com\/wordpress\/plugins\/seo\/ -->\n<title>Cenn\u00edk *<\/title>\n<meta name=\"robots\" content=\"index, follow, max-snippet:-1, max-image-preview:large, max-video-preview:-1\" \/>\n<link rel=\"canonical\" href=\"https:\/\/monblard.com\/studio\/cennik\/\" \/>\n<meta property=\"og:locale\" content=\"en_US\" \/>\n<meta property=\"og:type\" content=\"article\" \/>\n<meta property=\"og:title\" content=\"Cenn\u00edk *\" \/>\n<meta property=\"og:description\" content=\"Biznis funguje vtedy ak s\u00fa spokojn\u00e9 obe strany. Preto sa sna\u017e\u00edme v\u017edy o f\u00e9rov\u00fd pr\u00edstup a obojstrann\u00fa spokojnos\u0165. Na\u0161im heslom je hodnota za peniaze. Ceny sa sna\u017e\u00edme nastavi\u0165 tak, aby sme mohli doda\u0165 top kvalitu a nemuseli robi\u0165 kompromisy, ktor\u00e9 s\u00fa nakoniec klienta v\u00fdjdu drah\u0161ie, preto\u017ee nekvalitn\u00e1 prezent\u00e1cia z\u00e1kazn\u00edkov sk\u00f4r odrad\u00ed. Z\u00e1rove\u0148 je pre n\u00e1s [&hellip;]\" \/>\n<meta property=\"og:url\" content=\"https:\/\/monblard.com\/studio\/cennik\/\" \/>\n<meta property=\"article:publisher\" content=\"https:\/\/www.facebook.com\/Monblard\" \/>\n<meta property=\"article:modified_time\" content=\"2025-03-05T19:10:33+00:00\" \/>\n<meta property=\"og:image\" content=\"https:\/\/monblard.com\/studio\/wp-content\/uploads\/2024\/06\/Monblard-New-logo-2019-1.jpg\" \/>\n\t<meta property=\"og:image:width\" content=\"707\" \/>\n\t<meta property=\"og:image:height\" content=\"566\" \/>\n\t<meta property=\"og:image:type\" content=\"image\/jpeg\" \/>\n<meta name=\"twitter:card\" content=\"summary_large_image\" \/>\n<meta name=\"twitter:label1\" content=\"Est. reading time\" \/>\n\t<meta name=\"twitter:data1\" content=\"1 minute\" \/>\n<script type=\"application\/ld+json\" class=\"yoast-schema-graph\">{\"@context\":\"https:\/\/schema.org\",\"@graph\":[{\"@type\":\"WebPage\",\"@id\":\"https:\/\/monblard.com\/studio\/cennik\/\",\"url\":\"https:\/\/monblard.com\/studio\/cennik\/\",\"name\":\"Cenn\u00edk *\",\"isPartOf\":{\"@id\":\"https:\/\/monblard.com\/studio\/#website\"},\"datePublished\":\"2024-04-18T15:56:06+00:00\",\"dateModified\":\"2025-03-05T19:10:33+00:00\",\"breadcrumb\":{\"@id\":\"https:\/\/monblard.com\/studio\/cennik\/#breadcrumb\"},\"inLanguage\":\"en-US\",\"potentialAction\":[{\"@type\":\"ReadAction\",\"target\":[\"https:\/\/monblard.com\/studio\/cennik\/\"]}]},{\"@type\":\"BreadcrumbList\",\"@id\":\"https:\/\/monblard.com\/studio\/cennik\/#breadcrumb\",\"itemListElement\":[{\"@type\":\"ListItem\",\"position\":1,\"name\":\"Home\",\"item\":\"https:\/\/monblard.com\/studio\/\"},{\"@type\":\"ListItem\",\"position\":2,\"name\":\"Cenn\u00edk\"}]},{\"@type\":\"WebSite\",\"@id\":\"https:\/\/monblard.com\/studio\/#website\",\"url\":\"https:\/\/monblard.com\/studio\/\",\"name\":\"Monblard Studio - Reklamn\u00e1 agent\u00fara Pie\u0161\u0165any \/ Trnava, Foto\u0161t\u00fadio, Produktov\u00e1 fotografia, on-line mastering, Grafika\",\"description\":\"\",\"publisher\":{\"@id\":\"https:\/\/monblard.com\/studio\/#organization\"},\"alternateName\":\"Monblard Studio - Reklamn\u00e1 agent\u00fara Pie\u0161\u0165any \/ Trnava, Foto\u0161t\u00fadio, Produktov\u00e1 fotografia, on-line mastering, Grafika\",\"potentialAction\":[{\"@type\":\"SearchAction\",\"target\":{\"@type\":\"EntryPoint\",\"urlTemplate\":\"https:\/\/monblard.com\/studio\/?s={search_term_string}\"},\"query-input\":{\"@type\":\"PropertyValueSpecification\",\"valueRequired\":true,\"valueName\":\"search_term_string\"}}],\"inLanguage\":\"en-US\"},{\"@type\":\"Organization\",\"@id\":\"https:\/\/monblard.com\/studio\/#organization\",\"name\":\"Monblard Studio\",\"url\":\"https:\/\/monblard.com\/studio\/\",\"logo\":{\"@type\":\"ImageObject\",\"inLanguage\":\"en-US\",\"@id\":\"https:\/\/monblard.com\/studio\/#\/schema\/logo\/image\/\",\"url\":\"https:\/\/monblard.com\/studio\/wp-content\/uploads\/2024\/10\/Monblard-Studio-logo-Reklamna-agentura-Piestany-graficke-studio.png\",\"contentUrl\":\"https:\/\/monblard.com\/studio\/wp-content\/uploads\/2024\/10\/Monblard-Studio-logo-Reklamna-agentura-Piestany-graficke-studio.png\",\"width\":252,\"height\":176,\"caption\":\"Monblard Studio\"},\"image\":{\"@id\":\"https:\/\/monblard.com\/studio\/#\/schema\/logo\/image\/\"},\"sameAs\":[\"https:\/\/www.facebook.com\/Monblard\",\"https:\/\/www.instagram.com\/monblard\/\"]}]}<\/script>\n<!-- \/ Yoast SEO plugin. -->","yoast_head_json":{"title":"Cenn\u00edk *","robots":{"index":"index","follow":"follow","max-snippet":"max-snippet:-1","max-image-preview":"max-image-preview:large","max-video-preview":"max-video-preview:-1"},"canonical":"https:\/\/monblard.com\/studio\/cennik\/","og_locale":"en_US","og_type":"article","og_title":"Cenn\u00edk *","og_description":"Biznis funguje vtedy ak s\u00fa spokojn\u00e9 obe strany. Preto sa sna\u017e\u00edme v\u017edy o f\u00e9rov\u00fd pr\u00edstup a obojstrann\u00fa spokojnos\u0165. Na\u0161im heslom je hodnota za peniaze. Ceny sa sna\u017e\u00edme nastavi\u0165 tak, aby sme mohli doda\u0165 top kvalitu a nemuseli robi\u0165 kompromisy, ktor\u00e9 s\u00fa nakoniec klienta v\u00fdjdu drah\u0161ie, preto\u017ee nekvalitn\u00e1 prezent\u00e1cia z\u00e1kazn\u00edkov sk\u00f4r odrad\u00ed. Z\u00e1rove\u0148 je pre n\u00e1s [&hellip;]","og_url":"https:\/\/monblard.com\/studio\/cennik\/","article_publisher":"https:\/\/www.facebook.com\/Monblard","article_modified_time":"2025-03-05T19:10:33+00:00","og_image":[{"width":707,"height":566,"url":"https:\/\/monblard.com\/studio\/wp-content\/uploads\/2024\/06\/Monblard-New-logo-2019-1.jpg","type":"image\/jpeg"}],"twitter_card":"summary_large_image","twitter_misc":{"Est. reading time":"1 minute"},"schema":{"@context":"https:\/\/schema.org","@graph":[{"@type":"WebPage","@id":"https:\/\/monblard.com\/studio\/cennik\/","url":"https:\/\/monblard.com\/studio\/cennik\/","name":"Cenn\u00edk *","isPartOf":{"@id":"https:\/\/monblard.com\/studio\/#website"},"datePublished":"2024-04-18T15:56:06+00:00","dateModified":"2025-03-05T19:10:33+00:00","breadcrumb":{"@id":"https:\/\/monblard.com\/studio\/cennik\/#breadcrumb"},"inLanguage":"en-US","potentialAction":[{"@type":"ReadAction","target":["https:\/\/monblard.com\/studio\/cennik\/"]}]},{"@type":"BreadcrumbList","@id":"https:\/\/monblard.com\/studio\/cennik\/#breadcrumb","itemListElement":[{"@type":"ListItem","position":1,"name":"Home","item":"https:\/\/monblard.com\/studio\/"},{"@type":"ListItem","position":2,"name":"Cenn\u00edk"}]},{"@type":"WebSite","@id":"https:\/\/monblard.com\/studio\/#website","url":"https:\/\/monblard.com\/studio\/","name":"Monblard Studio - Reklamn\u00e1 agent\u00fara Pie\u0161\u0165any \/ Trnava, Foto\u0161t\u00fadio, Produktov\u00e1 fotografia, on-line mastering, Grafika","description":"","publisher":{"@id":"https:\/\/monblard.com\/studio\/#organization"},"alternateName":"Monblard Studio - Reklamn\u00e1 agent\u00fara Pie\u0161\u0165any \/ Trnava, Foto\u0161t\u00fadio, Produktov\u00e1 fotografia, on-line mastering, Grafika","potentialAction":[{"@type":"SearchAction","target":{"@type":"EntryPoint","urlTemplate":"https:\/\/monblard.com\/studio\/?s={search_term_string}"},"query-input":{"@type":"PropertyValueSpecification","valueRequired":true,"valueName":"search_term_string"}}],"inLanguage":"en-US"},{"@type":"Organization","@id":"https:\/\/monblard.com\/studio\/#organization","name":"Monblard Studio","url":"https:\/\/monblard.com\/studio\/","logo":{"@type":"ImageObject","inLanguage":"en-US","@id":"https:\/\/monblard.com\/studio\/#\/schema\/logo\/image\/","url":"https:\/\/monblard.com\/studio\/wp-content\/uploads\/2024\/10\/Monblard-Studio-logo-Reklamna-agentura-Piestany-graficke-studio.png","contentUrl":"https:\/\/monblard.com\/studio\/wp-content\/uploads\/2024\/10\/Monblard-Studio-logo-Reklamna-agentura-Piestany-graficke-studio.png","width":252,"height":176,"caption":"Monblard Studio"},"image":{"@id":"https:\/\/monblard.com\/studio\/#\/schema\/logo\/image\/"},"sameAs":["https:\/\/www.facebook.com\/Monblard","https:\/\/www.instagram.com\/monblard\/"]}]}},"_links":{"self":[{"href":"https:\/\/monblard.com\/studio\/wp-json\/wp\/v2\/pages\/67","targetHints":{"allow":["GET"]}}],"collection":[{"href":"https:\/\/monblard.com\/studio\/wp-json\/wp\/v2\/pages"}],"about":[{"href":"https:\/\/monblard.com\/studio\/wp-json\/wp\/v2\/types\/page"}],"author":[{"embeddable":true,"href":"https:\/\/monblard.com\/studio\/wp-json\/wp\/v2\/users\/1"}],"replies":[{"embeddable":true,"href":"https:\/\/monblard.com\/studio\/wp-json\/wp\/v2\/comments?post=67"}],"version-history":[{"count":15,"href":"https:\/\/monblard.com\/studio\/wp-json\/wp\/v2\/pages\/67\/revisions"}],"predecessor-version":[{"id":892,"href":"https:\/\/monblard.com\/studio\/wp-json\/wp\/v2\/pages\/67\/revisions\/892"}],"wp:attachment":[{"href":"https:\/\/monblard.com\/studio\/wp-json\/wp\/v2\/media?parent=67"}],"curies":[{"name":"wp","href":"https:\/\/api.w.org\/{rel}","templated":true}]}}