{"id":800,"date":"2024-10-08T09:45:52","date_gmt":"2024-10-08T09:45:52","guid":{"rendered":"https:\/\/monblard.com\/Studio\/?page_id=800"},"modified":"2024-10-08T09:46:06","modified_gmt":"2024-10-08T09:46:06","slug":"marketing-vystav-a-eventov","status":"publish","type":"page","link":"https:\/\/monblard.com\/studio\/marketing-vystav-a-eventov\/","title":{"rendered":"Marketing v\u00fdstav a eventov"},"content":{"rendered":"\n<div id=\"wp-block-themeisle-blocks-advanced-columns-43038f68\" class=\"wp-block-themeisle-blocks-advanced-columns has-1-columns has-desktop-equal-layout has-tablet-equal-layout has-mobile-equal-layout has-vertical-unset\"><div class=\"wp-block-themeisle-blocks-advanced-columns-overlay\"><\/div><div class=\"innerblocks-wrap\">\n<div id=\"wp-block-themeisle-blocks-advanced-column-7df33093\" class=\"wp-block-themeisle-blocks-advanced-column\">\n<p>V\u00a0marketingu v\u00a0skuto\u010dnosti nie s\u00fa d\u00f4le\u017eit\u00e9 \u010d\u00edsielka, ale re\u00e1lne konverzie \/ predaje. Znakom kvalitn\u00e9ho marketingu s\u00fa davy \u013eud\u00ed vo Va\u0161om obchode, podujat\u00ed a\u00a0pod. (a samozrejme dlhodob\u00e1 spokojnos\u0165 z\u00e1kazn\u00edkov)<br><br>Na eventy ktor\u00fdm sme robili komplexn\u00fd marketing\/PR sme dok\u00e1zali pril\u00e1ka\u0165 tis\u00edce n\u00e1v\u0161tevn\u00edkov (rekord cca 15\u00a0000 \u013eud\u00ed). Robili sme zo \u0161pi\u010dkou Slovenskej, \u010ceskej ale aj zahrani\u010dnej sc\u00e9ny. T\u00eds\u00edce n\u00e1v\u0161tevn\u00edkov sme v\u0161ak dok\u00e1zali pril\u00e1ka\u0165 aj na podujatia kde nevystupovali \u017eiadne zn\u00e1me men\u00e1 \/ na nehudobn\u00e9 podujatia. Sk\u00fasenosti m\u00e1me tie\u017e s\u00a0organizovan\u00edm v\u00fdstav doma aj v\u00a0zahrani\u010d\u00ed (napr. na jednom z\u00a0najv\u00e4\u010d\u0161\u00edch v\u00fdstav\u00edsk na svete Koelnmesse v\u00a0Nemecku.)<br><br>Eventom zabezpe\u010d\u00edme komplexn\u00fd marketing od graf\u00edk po PR. Od klasick\u00fdch met\u00f3d po vlastn\u00e9 guerilla marketing postupy.<\/p>\n\n\n\n<p><\/p>\n\n\n<style type=\"text\/css\" scoped>.rbs_gallery_6a0967fe8885eSpinner{\r\n\t\t\t\tmargin: 50px auto;\r\n\t\t\t\twidth: 50px;\r\n\t\t\t\theight: 40px;\r\n\t\t\t\ttext-align: center;\r\n\t\t\t\tfont-size: 10px;\r\n\t\t\t}\r\n\t\t\t.rbs_gallery_6a0967fe8885eSpinner > div{\r\n\t\t\t  background-color: #333;\r\n\t\t\t  height: 100%;\r\n\t\t\t  width: 6px;\r\n\t\t\t  display: inline-block;\r\n\t\t\t  -webkit-animation: rbs_gallery_6a0967fe8885e-stretchdelay 1.2s infinite ease-in-out;\r\n\t\t\t  animation: rbs_gallery_6a0967fe8885e-stretchdelay 1.2s infinite ease-in-out;\r\n\t\t\t}\r\n\t\t\t.rbs_gallery_6a0967fe8885eSpinner .rbs_gallery_6a0967fe8885eRect2 {\r\n\t\t\t  -webkit-animation-delay: -1.1s;\r\n\t\t\t  animation-delay: -1.1s;\r\n\t\t\t}\r\n\t\t\t.rbs_gallery_6a0967fe8885eSpinner .rbs_gallery_6a0967fe8885eRect3 {\r\n\t\t\t  -webkit-animation-delay: -1.0s;\r\n\t\t\t  animation-delay: -1.0s;\r\n\t\t\t}\r\n\t\t\t.rbs_gallery_6a0967fe8885eSpinner .rbs_gallery_6a0967fe8885eRect4 {\r\n\t\t\t  -webkit-animation-delay: -0.9s;\r\n\t\t\t  animation-delay: -0.9s;\r\n\t\t\t}\r\n\t\t\t.rbs_gallery_6a0967fe8885eSpinner .rbs_gallery_6a0967fe8885eRect5 {\r\n\t\t\t  -webkit-animation-delay: -0.8s;\r\n\t\t\t  animation-delay: -0.8s;\r\n\t\t\t}\r\n\t\t\t@-webkit-keyframes rbs_gallery_6a0967fe8885e-stretchdelay {\r\n\t\t\t  0%, 40%, 100% { -webkit-transform: scaleY(0.4) }  \r\n\t\t\t  20% { -webkit-transform: scaleY(1.0) }\r\n\t\t\t}\r\n\t\t\t@keyframes rbs_gallery_6a0967fe8885e-stretchdelay {\r\n\t\t\t  0%, 40%, 100% { \r\n\t\t\t    transform: scaleY(0.4);\r\n\t\t\t    -webkit-transform: scaleY(0.4);\r\n\t\t\t  }  20% { \r\n\t\t\t    transform: scaleY(1.0);\r\n\t\t\t    -webkit-transform: scaleY(1.0);\r\n\t\t\t  }\r\n\t\t\t}\r\n\t\t<\/style><div class=\"robo-gallery-wrap robo-gallery-wrap-id801 robo-gallery-grid\"  oncontextmenu=\"return false\"  onselectstart=\"return false\"  ondragstart=\"return false\" ><div id=\"rbs_gallery_6a0967fe8885e-block-loader\" class=\"rbs_gallery_6a0967fe8885eSpinner\"><div class=\"rbs_gallery_6a0967fe8885eRect1\"><\/div> <div class=\"rbs_gallery_6a0967fe8885eRect2\"><\/div> <div class=\"rbs_gallery_6a0967fe8885eRect3\"><\/div> <div class=\"rbs_gallery_6a0967fe8885eRect4\"><\/div> <div class=\"rbs_gallery_6a0967fe8885eRect5\"><\/div><\/div><div id=\"robo_gallery_main_block_rbs_gallery_6a0967fe8885e\" class=\"robogallery-gallery-801\" style=\"width:100%;  display: none;\"><div id=\"rbs_gallery_6a0967fe8885e\" data-options=\"rbs_gallery_6a0967fe8885e\" style=\"width:100%;\" class=\"robo_gallery  \"><div class=\"rbs-img  category801 \" ><div class=\"rbs-img-image   rbs-lightbox \" ><div class=\"rbs-img-thumbs\"  data-thumbnail=\"https:\/\/monblard.com\/studio\/wp-content\/uploads\/2024\/10\/Vianocne-Trhy-Piestany-3-300x200.jpg\"  title=\"Vianocne Trhy Piestany (3)\"  data-width=\"300\"  data-height=\"200\" ><\/div><div class=\"rbs-img-data-popup\"  data-popup=\"https:\/\/monblard.com\/studio\/wp-content\/uploads\/2024\/10\/Vianocne-Trhy-Piestany-3.jpg\"  title=\"Vianocne Trhy Piestany (3)\" ><\/div><div class=\"thumbnail-overlay\"><div class=\"rbsTitle \">Vianocne Trhy Piestany (3)<\/div><div class=\"rbsIcons\"><i class=\"fa fa-search-plus rbsZoomIcon \" ><\/i><\/div><\/div><\/div><\/div><div class=\"rbs-img  category801 \" ><div class=\"rbs-img-image   rbs-lightbox \" ><div class=\"rbs-img-thumbs\"  data-thumbnail=\"https:\/\/monblard.com\/studio\/wp-content\/uploads\/2024\/10\/15-000-ludi-6-300x225.jpg\"  title=\"15 000 ludi (6)\"  data-width=\"300\"  data-height=\"225\" ><\/div><div class=\"rbs-img-data-popup\"  data-popup=\"https:\/\/monblard.com\/studio\/wp-content\/uploads\/2024\/10\/15-000-ludi-6.jpg\"  title=\"15 000 ludi (6)\" ><\/div><div class=\"thumbnail-overlay\"><div class=\"rbsTitle \">15 000 ludi (6)<\/div><div class=\"rbsIcons\"><i class=\"fa fa-search-plus rbsZoomIcon \" ><\/i><\/div><\/div><\/div><\/div><div class=\"rbs-img  category801 \" ><div class=\"rbs-img-image   rbs-lightbox \" ><div class=\"rbs-img-thumbs\"  data-thumbnail=\"https:\/\/monblard.com\/studio\/wp-content\/uploads\/2024\/10\/15-000-ludi-2-300x225.jpg\"  title=\"15 000 ludi (2)\"  data-width=\"300\"  data-height=\"225\" ><\/div><div class=\"rbs-img-data-popup\"  data-popup=\"https:\/\/monblard.com\/studio\/wp-content\/uploads\/2024\/10\/15-000-ludi-2.jpg\"  title=\"15 000 ludi (2)\" ><\/div><div class=\"thumbnail-overlay\"><div class=\"rbsTitle \">15 000 ludi (2)<\/div><div class=\"rbsIcons\"><i class=\"fa fa-search-plus rbsZoomIcon \" ><\/i><\/div><\/div><\/div><\/div><div class=\"rbs-img  category801 \" ><div class=\"rbs-img-image   rbs-lightbox \" ><div class=\"rbs-img-thumbs\"  data-thumbnail=\"https:\/\/monblard.com\/studio\/wp-content\/uploads\/2024\/10\/Cityfest-Piestany-4-300x168.jpg\"  title=\"Cityfest Piestany (4)\"  data-width=\"300\"  data-height=\"168\" ><\/div><div class=\"rbs-img-data-popup\"  data-popup=\"https:\/\/monblard.com\/studio\/wp-content\/uploads\/2024\/10\/Cityfest-Piestany-4.jpg\"  title=\"Cityfest Piestany (4)\" ><\/div><div class=\"thumbnail-overlay\"><div class=\"rbsTitle \">Cityfest Piestany (4)<\/div><div class=\"rbsIcons\"><i class=\"fa fa-search-plus rbsZoomIcon \" ><\/i><\/div><\/div><\/div><\/div><div class=\"rbs-img  category801 \" ><div class=\"rbs-img-image   rbs-lightbox \" ><div class=\"rbs-img-thumbs\"  data-thumbnail=\"https:\/\/monblard.com\/studio\/wp-content\/uploads\/2024\/10\/Storm-Club-Praha-2-300x200.jpg\"  title=\"Storm Club Praha 2\"  data-width=\"300\"  data-height=\"200\" ><\/div><div class=\"rbs-img-data-popup\"  data-popup=\"https:\/\/monblard.com\/studio\/wp-content\/uploads\/2024\/10\/Storm-Club-Praha-2.jpg\"  title=\"Storm Club Praha 2\" ><\/div><div class=\"thumbnail-overlay\"><div class=\"rbsTitle \">Storm Club Praha 2<\/div><div class=\"rbsIcons\"><i class=\"fa fa-search-plus rbsZoomIcon \" ><\/i><\/div><\/div><\/div><\/div><div class=\"rbs-img  category801 \" ><div class=\"rbs-img-image   rbs-lightbox \" ><div class=\"rbs-img-thumbs\"  data-thumbnail=\"https:\/\/monblard.com\/studio\/wp-content\/uploads\/2024\/10\/Vianocne-Trhy-Piestany-4-300x200.jpg\"  title=\"Vianocne Trhy Piestany (4)\"  data-width=\"300\"  data-height=\"200\" ><\/div><div class=\"rbs-img-data-popup\"  data-popup=\"https:\/\/monblard.com\/studio\/wp-content\/uploads\/2024\/10\/Vianocne-Trhy-Piestany-4.jpg\"  title=\"Vianocne Trhy Piestany (4)\" ><\/div><div class=\"thumbnail-overlay\"><div class=\"rbsTitle \">Vianocne Trhy Piestany (4)<\/div><div class=\"rbsIcons\"><i class=\"fa fa-search-plus rbsZoomIcon \" ><\/i><\/div><\/div><\/div><\/div><div class=\"rbs-img  category801 \" ><div class=\"rbs-img-image   rbs-lightbox \" ><div class=\"rbs-img-thumbs\"  data-thumbnail=\"https:\/\/monblard.com\/studio\/wp-content\/uploads\/2024\/10\/15-000-ludi-3-300x200.jpg\"  title=\"15 000 ludi (3)\"  data-width=\"300\"  data-height=\"200\" ><\/div><div class=\"rbs-img-data-popup\"  data-popup=\"https:\/\/monblard.com\/studio\/wp-content\/uploads\/2024\/10\/15-000-ludi-3.jpg\"  title=\"15 000 ludi (3)\" ><\/div><div class=\"thumbnail-overlay\"><div class=\"rbsTitle \">15 000 ludi (3)<\/div><div class=\"rbsIcons\"><i class=\"fa fa-search-plus rbsZoomIcon \" ><\/i><\/div><\/div><\/div><\/div><div class=\"rbs-img  category801 \" ><div class=\"rbs-img-image   rbs-lightbox \" ><div class=\"rbs-img-thumbs\"  data-thumbnail=\"https:\/\/monblard.com\/studio\/wp-content\/uploads\/2024\/10\/Cityfest-Piestany-5-300x200.jpg\"  title=\"Cityfest Piestany (5)\"  data-width=\"300\"  data-height=\"200\" ><\/div><div class=\"rbs-img-data-popup\"  data-popup=\"https:\/\/monblard.com\/studio\/wp-content\/uploads\/2024\/10\/Cityfest-Piestany-5.jpg\"  title=\"Cityfest Piestany (5)\" ><\/div><div class=\"thumbnail-overlay\"><div class=\"rbsTitle \">Cityfest Piestany (5)<\/div><div class=\"rbsIcons\"><i class=\"fa fa-search-plus rbsZoomIcon \" ><\/i><\/div><\/div><\/div><\/div><div class=\"rbs-img  category801 \" ><div class=\"rbs-img-image   rbs-lightbox \" ><div class=\"rbs-img-thumbs\"  data-thumbnail=\"https:\/\/monblard.com\/studio\/wp-content\/uploads\/2024\/10\/Storm-Club-Praha-300x200.jpg\"  title=\"Storm Club Praha\"  data-width=\"300\"  data-height=\"200\" ><\/div><div class=\"rbs-img-data-popup\"  data-popup=\"https:\/\/monblard.com\/studio\/wp-content\/uploads\/2024\/10\/Storm-Club-Praha.jpg\"  title=\"Storm Club Praha\" ><\/div><div class=\"thumbnail-overlay\"><div class=\"rbsTitle \">Storm Club Praha<\/div><div class=\"rbsIcons\"><i class=\"fa fa-search-plus rbsZoomIcon \" ><\/i><\/div><\/div><\/div><\/div><div class=\"rbs-img  category801 \" ><div class=\"rbs-img-image   rbs-lightbox \" ><div class=\"rbs-img-thumbs\"  data-thumbnail=\"https:\/\/monblard.com\/studio\/wp-content\/uploads\/2024\/10\/15-000-ludi-5-300x200.jpg\"  title=\"15 000 ludi (5)\"  data-width=\"300\"  data-height=\"200\" ><\/div><div class=\"rbs-img-data-popup\"  data-popup=\"https:\/\/monblard.com\/studio\/wp-content\/uploads\/2024\/10\/15-000-ludi-5.jpg\"  title=\"15 000 ludi (5)\" ><\/div><div class=\"thumbnail-overlay\"><div class=\"rbsTitle \">15 000 ludi (5)<\/div><div class=\"rbsIcons\"><i class=\"fa fa-search-plus rbsZoomIcon \" ><\/i><\/div><\/div><\/div><\/div><div class=\"rbs-img  category801 \" ><div class=\"rbs-img-image   rbs-lightbox \" ><div class=\"rbs-img-thumbs\"  data-thumbnail=\"https:\/\/monblard.com\/studio\/wp-content\/uploads\/2024\/10\/Cityfest-Piestany-1-300x200.jpg\"  title=\"Cityfest Piestany (1)\"  data-width=\"300\"  data-height=\"200\" ><\/div><div class=\"rbs-img-data-popup\"  data-popup=\"https:\/\/monblard.com\/studio\/wp-content\/uploads\/2024\/10\/Cityfest-Piestany-1.jpg\"  title=\"Cityfest Piestany (1)\" ><\/div><div class=\"thumbnail-overlay\"><div class=\"rbsTitle \">Cityfest Piestany (1)<\/div><div class=\"rbsIcons\"><i class=\"fa fa-search-plus rbsZoomIcon \" ><\/i><\/div><\/div><\/div><\/div><div class=\"rbs-img  category801 \" ><div class=\"rbs-img-image   rbs-lightbox \" ><div class=\"rbs-img-thumbs\"  data-thumbnail=\"https:\/\/monblard.com\/studio\/wp-content\/uploads\/2024\/10\/15-000-ludi-4-300x200.jpg\"  title=\"15 000 ludi (4)\"  data-width=\"300\"  data-height=\"200\" ><\/div><div class=\"rbs-img-data-popup\"  data-popup=\"https:\/\/monblard.com\/studio\/wp-content\/uploads\/2024\/10\/15-000-ludi-4.jpg\"  title=\"15 000 ludi (4)\" ><\/div><div class=\"thumbnail-overlay\"><div class=\"rbsTitle \">15 000 ludi (4)<\/div><div class=\"rbsIcons\"><i class=\"fa fa-search-plus rbsZoomIcon \" ><\/i><\/div><\/div><\/div><\/div><div class=\"rbs-img  category801 \" ><div class=\"rbs-img-image   rbs-lightbox \" ><div class=\"rbs-img-thumbs\"  data-thumbnail=\"https:\/\/monblard.com\/studio\/wp-content\/uploads\/2024\/10\/Cityfest-Piestany-3-300x200.jpg\"  title=\"Cityfest Piestany (3)\"  data-width=\"300\"  data-height=\"200\" ><\/div><div class=\"rbs-img-data-popup\"  data-popup=\"https:\/\/monblard.com\/studio\/wp-content\/uploads\/2024\/10\/Cityfest-Piestany-3.jpg\"  title=\"Cityfest Piestany (3)\" ><\/div><div class=\"thumbnail-overlay\"><div class=\"rbsTitle \">Cityfest Piestany (3)<\/div><div class=\"rbsIcons\"><i class=\"fa fa-search-plus rbsZoomIcon \" ><\/i><\/div><\/div><\/div><\/div><div class=\"rbs-img  category801 \" ><div class=\"rbs-img-image   rbs-lightbox \" ><div class=\"rbs-img-thumbs\"  data-thumbnail=\"https:\/\/monblard.com\/studio\/wp-content\/uploads\/2024\/10\/Cityfest-Piestany-2-300x168.jpg\"  title=\"Cityfest Piestany (2)\"  data-width=\"300\"  data-height=\"168\" ><\/div><div class=\"rbs-img-data-popup\"  data-popup=\"https:\/\/monblard.com\/studio\/wp-content\/uploads\/2024\/10\/Cityfest-Piestany-2.jpg\"  title=\"Cityfest Piestany (2)\" ><\/div><div class=\"thumbnail-overlay\"><div class=\"rbsTitle \">Cityfest Piestany (2)<\/div><div class=\"rbsIcons\"><i class=\"fa fa-search-plus rbsZoomIcon \" ><\/i><\/div><\/div><\/div><\/div><div class=\"rbs-img  category801 \" ><div class=\"rbs-img-image   rbs-lightbox \" ><div class=\"rbs-img-thumbs\"  data-thumbnail=\"https:\/\/monblard.com\/studio\/wp-content\/uploads\/2024\/10\/Vianocne-Trhy-Piestany-1-300x200.jpg\"  title=\"Vianocne Trhy Piestany (1)\"  data-width=\"300\"  data-height=\"200\" ><\/div><div class=\"rbs-img-data-popup\"  data-popup=\"https:\/\/monblard.com\/studio\/wp-content\/uploads\/2024\/10\/Vianocne-Trhy-Piestany-1.jpg\"  title=\"Vianocne Trhy Piestany (1)\" ><\/div><div class=\"thumbnail-overlay\"><div class=\"rbsTitle \">Vianocne Trhy Piestany (1)<\/div><div class=\"rbsIcons\"><i class=\"fa fa-search-plus rbsZoomIcon \" ><\/i><\/div><\/div><\/div><\/div><div class=\"rbs-img  category801 \" ><div class=\"rbs-img-image   rbs-lightbox \" ><div class=\"rbs-img-thumbs\"  data-thumbnail=\"https:\/\/monblard.com\/studio\/wp-content\/uploads\/2024\/10\/Krampus-pochod-certikov-300x168.jpg\"  title=\"Krampus pochod certikov\"  data-width=\"300\"  data-height=\"168\" ><\/div><div class=\"rbs-img-data-popup\"  data-popup=\"https:\/\/monblard.com\/studio\/wp-content\/uploads\/2024\/10\/Krampus-pochod-certikov.jpg\"  title=\"Krampus pochod certikov\" ><\/div><div class=\"thumbnail-overlay\"><div class=\"rbsTitle \">Krampus pochod certikov<\/div><div class=\"rbsIcons\"><i class=\"fa fa-search-plus rbsZoomIcon \" ><\/i><\/div><\/div><\/div><\/div><div class=\"rbs-img  category801 \" ><div class=\"rbs-img-image   rbs-lightbox \" ><div class=\"rbs-img-thumbs\"  data-thumbnail=\"https:\/\/monblard.com\/studio\/wp-content\/uploads\/2024\/10\/Vianocne-Trhy-Piestany-2-300x200.jpg\"  title=\"Vianocne Trhy Piestany (2)\"  data-width=\"300\"  data-height=\"200\" ><\/div><div class=\"rbs-img-data-popup\"  data-popup=\"https:\/\/monblard.com\/studio\/wp-content\/uploads\/2024\/10\/Vianocne-Trhy-Piestany-2.jpg\"  title=\"Vianocne Trhy Piestany (2)\" ><\/div><div class=\"thumbnail-overlay\"><div class=\"rbsTitle \">Vianocne Trhy Piestany (2)<\/div><div class=\"rbsIcons\"><i class=\"fa fa-search-plus rbsZoomIcon \" ><\/i><\/div><\/div><\/div><\/div><div class=\"rbs-img  category801 \" ><div class=\"rbs-img-image   rbs-lightbox \" ><div class=\"rbs-img-thumbs\"  data-thumbnail=\"https:\/\/monblard.com\/studio\/wp-content\/uploads\/2024\/10\/Vianocne-Trhy-Piestany-300x200.jpg\"  title=\"Vianocne Trhy Piestany\"  data-width=\"300\"  data-height=\"200\" ><\/div><div class=\"rbs-img-data-popup\"  data-popup=\"https:\/\/monblard.com\/studio\/wp-content\/uploads\/2024\/10\/Vianocne-Trhy-Piestany.jpg\"  title=\"Vianocne Trhy Piestany\" ><\/div><div class=\"thumbnail-overlay\"><div class=\"rbsTitle \">Vianocne Trhy Piestany<\/div><div class=\"rbsIcons\"><i class=\"fa fa-search-plus rbsZoomIcon \" ><\/i><\/div><\/div><\/div><\/div><div class=\"rbs-img  category801 \" ><div class=\"rbs-img-image   rbs-lightbox \" ><div class=\"rbs-img-thumbs\"  data-thumbnail=\"https:\/\/monblard.com\/studio\/wp-content\/uploads\/2024\/10\/15-000-ludi-1-300x225.jpg\"  title=\"15 000 ludi (1)\"  data-width=\"300\"  data-height=\"225\" ><\/div><div class=\"rbs-img-data-popup\"  data-popup=\"https:\/\/monblard.com\/studio\/wp-content\/uploads\/2024\/10\/15-000-ludi-1.jpg\"  title=\"15 000 ludi (1)\" ><\/div><div class=\"thumbnail-overlay\"><div class=\"rbsTitle \">15 000 ludi (1)<\/div><div class=\"rbsIcons\"><i class=\"fa fa-search-plus rbsZoomIcon \" ><\/i><\/div><\/div><\/div><\/div><\/div><\/div><\/div><script>var rbs_gallery_6a0967fe8885e = {\"version\":\"3.2.19\",\"id\":801,\"class\":\"id801\",\"roboGalleryDelay\":1000,\"mainContainer\":\"#robo_gallery_main_block_rbs_gallery_6a0967fe8885e\",\"loadingContainer\":\"#rbs_gallery_6a0967fe8885e-block-loader\",\"loadingContainerObj\":\"rbs_gallery_6a0967fe8885e-block-loader\",\"columnWidth\":\"auto\",\"columns\":3,\"resolutions\":[{\"columnWidth\":\"auto\",\"columns\":3,\"maxWidth\":960},{\"columnWidth\":\"auto\",\"columns\":2,\"maxWidth\":650},{\"columnWidth\":\"auto\",\"columns\":1,\"maxWidth\":450}],\"protectionEnable\":true,\"lightboxOptions\":{\"gallery\":{\"enabled\":true,\"tCounter\":\"%curr% of %total%\"}},\"overlayEffect\":\"direction-aware-fade\",\"boxesToLoadStart\":12,\"boxesToLoad\":8,\"waitUntilThumbLoads\":1,\"LoadingWord\":\"Loading...\",\"loadMoreWord\":\"Load More\",\"noMoreEntriesWord\":\"No More Entries\",\"horizontalSpaceBetweenBoxes\":15,\"verticalSpaceBetweenBoxes\":15,\"lazyLoad\":1,\"wrapContainer\":\"#robo-gallery-wrap-rbs_gallery_6a0967fe8885e\"};<\/script>\n\n\n<p><br><br>\u00a0<\/p>\n<\/div>\n<\/div><\/div>\n","protected":false},"excerpt":{"rendered":"","protected":false},"author":1,"featured_media":0,"parent":0,"menu_order":0,"comment_status":"closed","ping_status":"closed","template":"","meta":{"_themeisle_gutenberg_block_has_review":false,"footnotes":""},"class_list":["post-800","page","type-page","status-publish","hentry"],"yoast_head":"<!-- This site is optimized with the Yoast SEO plugin v23.8 - https:\/\/yoast.com\/wordpress\/plugins\/seo\/ -->\n<title>Marketing v\u00fdstav a eventov *<\/title>\n<meta name=\"robots\" content=\"index, follow, max-snippet:-1, max-image-preview:large, max-video-preview:-1\" \/>\n<link rel=\"canonical\" href=\"https:\/\/monblard.com\/studio\/marketing-vystav-a-eventov\/\" \/>\n<meta property=\"og:locale\" content=\"en_US\" \/>\n<meta property=\"og:type\" content=\"article\" \/>\n<meta property=\"og:title\" content=\"Marketing v\u00fdstav a eventov *\" \/>\n<meta property=\"og:url\" content=\"https:\/\/monblard.com\/studio\/marketing-vystav-a-eventov\/\" \/>\n<meta property=\"article:publisher\" content=\"https:\/\/www.facebook.com\/Monblard\" \/>\n<meta property=\"article:modified_time\" content=\"2024-10-08T09:46:06+00:00\" \/>\n<meta property=\"og:image\" content=\"https:\/\/monblard.com\/studio\/wp-content\/uploads\/2024\/06\/Monblard-New-logo-2019-1.jpg\" \/>\n\t<meta property=\"og:image:width\" content=\"707\" \/>\n\t<meta property=\"og:image:height\" content=\"566\" \/>\n\t<meta property=\"og:image:type\" content=\"image\/jpeg\" \/>\n<meta name=\"twitter:card\" content=\"summary_large_image\" \/>\n<meta name=\"twitter:label1\" content=\"Est. reading time\" \/>\n\t<meta name=\"twitter:data1\" content=\"1 minute\" \/>\n<script type=\"application\/ld+json\" class=\"yoast-schema-graph\">{\"@context\":\"https:\/\/schema.org\",\"@graph\":[{\"@type\":\"WebPage\",\"@id\":\"https:\/\/monblard.com\/studio\/marketing-vystav-a-eventov\/\",\"url\":\"https:\/\/monblard.com\/studio\/marketing-vystav-a-eventov\/\",\"name\":\"Marketing v\u00fdstav a eventov *\",\"isPartOf\":{\"@id\":\"https:\/\/monblard.com\/studio\/#website\"},\"datePublished\":\"2024-10-08T09:45:52+00:00\",\"dateModified\":\"2024-10-08T09:46:06+00:00\",\"breadcrumb\":{\"@id\":\"https:\/\/monblard.com\/studio\/marketing-vystav-a-eventov\/#breadcrumb\"},\"inLanguage\":\"en-US\",\"potentialAction\":[{\"@type\":\"ReadAction\",\"target\":[\"https:\/\/monblard.com\/studio\/marketing-vystav-a-eventov\/\"]}]},{\"@type\":\"BreadcrumbList\",\"@id\":\"https:\/\/monblard.com\/studio\/marketing-vystav-a-eventov\/#breadcrumb\",\"itemListElement\":[{\"@type\":\"ListItem\",\"position\":1,\"name\":\"Home\",\"item\":\"https:\/\/monblard.com\/studio\/\"},{\"@type\":\"ListItem\",\"position\":2,\"name\":\"Marketing v\u00fdstav a eventov\"}]},{\"@type\":\"WebSite\",\"@id\":\"https:\/\/monblard.com\/studio\/#website\",\"url\":\"https:\/\/monblard.com\/studio\/\",\"name\":\"Monblard Studio - Reklamn\u00e1 agent\u00fara Pie\u0161\u0165any \/ Trnava, Foto\u0161t\u00fadio, Produktov\u00e1 fotografia, on-line mastering, Grafika\",\"description\":\"\",\"publisher\":{\"@id\":\"https:\/\/monblard.com\/studio\/#organization\"},\"alternateName\":\"Monblard Studio - Reklamn\u00e1 agent\u00fara Pie\u0161\u0165any \/ Trnava, Foto\u0161t\u00fadio, Produktov\u00e1 fotografia, on-line mastering, Grafika\",\"potentialAction\":[{\"@type\":\"SearchAction\",\"target\":{\"@type\":\"EntryPoint\",\"urlTemplate\":\"https:\/\/monblard.com\/studio\/?s={search_term_string}\"},\"query-input\":{\"@type\":\"PropertyValueSpecification\",\"valueRequired\":true,\"valueName\":\"search_term_string\"}}],\"inLanguage\":\"en-US\"},{\"@type\":\"Organization\",\"@id\":\"https:\/\/monblard.com\/studio\/#organization\",\"name\":\"Monblard Studio\",\"url\":\"https:\/\/monblard.com\/studio\/\",\"logo\":{\"@type\":\"ImageObject\",\"inLanguage\":\"en-US\",\"@id\":\"https:\/\/monblard.com\/studio\/#\/schema\/logo\/image\/\",\"url\":\"https:\/\/monblard.com\/studio\/wp-content\/uploads\/2024\/10\/Monblard-Studio-logo-Reklamna-agentura-Piestany-graficke-studio.png\",\"contentUrl\":\"https:\/\/monblard.com\/studio\/wp-content\/uploads\/2024\/10\/Monblard-Studio-logo-Reklamna-agentura-Piestany-graficke-studio.png\",\"width\":252,\"height\":176,\"caption\":\"Monblard Studio\"},\"image\":{\"@id\":\"https:\/\/monblard.com\/studio\/#\/schema\/logo\/image\/\"},\"sameAs\":[\"https:\/\/www.facebook.com\/Monblard\",\"https:\/\/www.instagram.com\/monblard\/\"]}]}<\/script>\n<!-- \/ Yoast SEO plugin. -->","yoast_head_json":{"title":"Marketing v\u00fdstav a eventov *","robots":{"index":"index","follow":"follow","max-snippet":"max-snippet:-1","max-image-preview":"max-image-preview:large","max-video-preview":"max-video-preview:-1"},"canonical":"https:\/\/monblard.com\/studio\/marketing-vystav-a-eventov\/","og_locale":"en_US","og_type":"article","og_title":"Marketing v\u00fdstav a eventov *","og_url":"https:\/\/monblard.com\/studio\/marketing-vystav-a-eventov\/","article_publisher":"https:\/\/www.facebook.com\/Monblard","article_modified_time":"2024-10-08T09:46:06+00:00","og_image":[{"width":707,"height":566,"url":"https:\/\/monblard.com\/studio\/wp-content\/uploads\/2024\/06\/Monblard-New-logo-2019-1.jpg","type":"image\/jpeg"}],"twitter_card":"summary_large_image","twitter_misc":{"Est. reading time":"1 minute"},"schema":{"@context":"https:\/\/schema.org","@graph":[{"@type":"WebPage","@id":"https:\/\/monblard.com\/studio\/marketing-vystav-a-eventov\/","url":"https:\/\/monblard.com\/studio\/marketing-vystav-a-eventov\/","name":"Marketing v\u00fdstav a eventov *","isPartOf":{"@id":"https:\/\/monblard.com\/studio\/#website"},"datePublished":"2024-10-08T09:45:52+00:00","dateModified":"2024-10-08T09:46:06+00:00","breadcrumb":{"@id":"https:\/\/monblard.com\/studio\/marketing-vystav-a-eventov\/#breadcrumb"},"inLanguage":"en-US","potentialAction":[{"@type":"ReadAction","target":["https:\/\/monblard.com\/studio\/marketing-vystav-a-eventov\/"]}]},{"@type":"BreadcrumbList","@id":"https:\/\/monblard.com\/studio\/marketing-vystav-a-eventov\/#breadcrumb","itemListElement":[{"@type":"ListItem","position":1,"name":"Home","item":"https:\/\/monblard.com\/studio\/"},{"@type":"ListItem","position":2,"name":"Marketing v\u00fdstav a eventov"}]},{"@type":"WebSite","@id":"https:\/\/monblard.com\/studio\/#website","url":"https:\/\/monblard.com\/studio\/","name":"Monblard Studio - Reklamn\u00e1 agent\u00fara Pie\u0161\u0165any \/ Trnava, Foto\u0161t\u00fadio, Produktov\u00e1 fotografia, on-line mastering, Grafika","description":"","publisher":{"@id":"https:\/\/monblard.com\/studio\/#organization"},"alternateName":"Monblard Studio - Reklamn\u00e1 agent\u00fara Pie\u0161\u0165any \/ Trnava, Foto\u0161t\u00fadio, Produktov\u00e1 fotografia, on-line mastering, Grafika","potentialAction":[{"@type":"SearchAction","target":{"@type":"EntryPoint","urlTemplate":"https:\/\/monblard.com\/studio\/?s={search_term_string}"},"query-input":{"@type":"PropertyValueSpecification","valueRequired":true,"valueName":"search_term_string"}}],"inLanguage":"en-US"},{"@type":"Organization","@id":"https:\/\/monblard.com\/studio\/#organization","name":"Monblard Studio","url":"https:\/\/monblard.com\/studio\/","logo":{"@type":"ImageObject","inLanguage":"en-US","@id":"https:\/\/monblard.com\/studio\/#\/schema\/logo\/image\/","url":"https:\/\/monblard.com\/studio\/wp-content\/uploads\/2024\/10\/Monblard-Studio-logo-Reklamna-agentura-Piestany-graficke-studio.png","contentUrl":"https:\/\/monblard.com\/studio\/wp-content\/uploads\/2024\/10\/Monblard-Studio-logo-Reklamna-agentura-Piestany-graficke-studio.png","width":252,"height":176,"caption":"Monblard Studio"},"image":{"@id":"https:\/\/monblard.com\/studio\/#\/schema\/logo\/image\/"},"sameAs":["https:\/\/www.facebook.com\/Monblard","https:\/\/www.instagram.com\/monblard\/"]}]}},"_links":{"self":[{"href":"https:\/\/monblard.com\/studio\/wp-json\/wp\/v2\/pages\/800","targetHints":{"allow":["GET"]}}],"collection":[{"href":"https:\/\/monblard.com\/studio\/wp-json\/wp\/v2\/pages"}],"about":[{"href":"https:\/\/monblard.com\/studio\/wp-json\/wp\/v2\/types\/page"}],"author":[{"embeddable":true,"href":"https:\/\/monblard.com\/studio\/wp-json\/wp\/v2\/users\/1"}],"replies":[{"embeddable":true,"href":"https:\/\/monblard.com\/studio\/wp-json\/wp\/v2\/comments?post=800"}],"version-history":[{"count":2,"href":"https:\/\/monblard.com\/studio\/wp-json\/wp\/v2\/pages\/800\/revisions"}],"predecessor-version":[{"id":824,"href":"https:\/\/monblard.com\/studio\/wp-json\/wp\/v2\/pages\/800\/revisions\/824"}],"wp:attachment":[{"href":"https:\/\/monblard.com\/studio\/wp-json\/wp\/v2\/media?parent=800"}],"curies":[{"name":"wp","href":"https:\/\/api.w.org\/{rel}","templated":true}]}}